{"id":159,"date":"2025-07-22T13:29:09","date_gmt":"2025-07-22T16:29:09","guid":{"rendered":"https:\/\/rykservicios.cl\/web\/?page_id=159"},"modified":"2025-12-24T15:44:10","modified_gmt":"2025-12-24T18:44:10","slug":"home-2-2","status":"publish","type":"page","link":"https:\/\/rykservicios.cl\/web\/home-2-2\/","title":{"rendered":"Contacto"},"content":{"rendered":"\t\t<div data-elementor-type=\"wp-page\" data-elementor-id=\"159\" class=\"elementor elementor-159\" data-elementor-post-type=\"page\">\n\t\t\t\t<div class=\"elementor-element elementor-element-ef8dca1 e-con-full e-flex e-con e-parent\" data-id=\"ef8dca1\" data-element_type=\"container\">\n\t\t<div class=\"elementor-element elementor-element-0107c1f e-con-full e-flex e-con e-child\" data-id=\"0107c1f\" data-element_type=\"container\">\n\t\t<div class=\"elementor-element elementor-element-1f0e467 e-con-full e-flex e-con e-child\" data-id=\"1f0e467\" data-element_type=\"container\">\n\t\t\t\t<div class=\"elementor-element elementor-element-1dd1940 elementor-widget elementor-widget-theme-site-logo elementor-widget-image\" data-id=\"1dd1940\" data-element_type=\"widget\" data-widget_type=\"theme-site-logo.default\">\n\t\t\t\t<div class=\"elementor-widget-container\">\n\t\t\t\t\t\t\t\t\t\t\t<a href=\"https:\/\/rykservicios.cl\/web\">\n\t\t\t<img decoding=\"async\" width=\"171\" height=\"70\" src=\"https:\/\/rykservicios.cl\/web\/wp-content\/uploads\/2025\/01\/logo-12.png\" class=\"attachment-full size-full wp-image-33\" alt=\"\" style=\"width:100%;height:40.94%;max-width:171px\" \/>\t\t\t\t<\/a>\n\t\t\t\t\t\t\t\t\t\t\t<\/div>\n\t\t\t\t<\/div>\n\t\t\t\t<\/div>\n\t\t<div class=\"elementor-element elementor-element-40143f9 e-con-full e-flex e-con e-child\" data-id=\"40143f9\" data-element_type=\"container\">\n\t\t\t\t<div class=\"elementor-element elementor-element-8cdfa04 elementor-nav-menu__align-justify elementor-absolute elementor-nav-menu--dropdown-tablet elementor-nav-menu__text-align-aside elementor-nav-menu--toggle elementor-nav-menu--burger elementor-widget elementor-widget-nav-menu\" data-id=\"8cdfa04\" data-element_type=\"widget\" data-settings=\"{&quot;_position&quot;:&quot;absolute&quot;,&quot;layout&quot;:&quot;horizontal&quot;,&quot;submenu_icon&quot;:{&quot;value&quot;:&quot;&lt;svg class=\\&quot;e-font-icon-svg e-fas-caret-down\\&quot; viewBox=\\&quot;0 0 320 512\\&quot; xmlns=\\&quot;http:\\\/\\\/www.w3.org\\\/2000\\\/svg\\&quot;&gt;&lt;path d=\\&quot;M31.3 192h257.3c17.8 0 26.7 21.5 14.1 34.1L174.1 354.8c-7.8 7.8-20.5 7.8-28.3 0L17.2 226.1C4.6 213.5 13.5 192 31.3 192z\\&quot;&gt;&lt;\\\/path&gt;&lt;\\\/svg&gt;&quot;,&quot;library&quot;:&quot;fa-solid&quot;},&quot;toggle&quot;:&quot;burger&quot;}\" data-widget_type=\"nav-menu.default\">\n\t\t\t\t<div class=\"elementor-widget-container\">\n\t\t\t\t\t\t\t\t<nav aria-label=\"Menu\" class=\"elementor-nav-menu--main elementor-nav-menu__container elementor-nav-menu--layout-horizontal e--pointer-underline e--animation-fade\">\n\t\t\t\t<ul id=\"menu-1-8cdfa04\" class=\"elementor-nav-menu\"><li class=\"menu-item menu-item-type-post_type menu-item-object-page menu-item-home menu-item-144\"><a href=\"https:\/\/rykservicios.cl\/web\/\" class=\"elementor-item\">Home<\/a><\/li>\n<li class=\"menu-item menu-item-type-post_type menu-item-object-page menu-item-158\"><a href=\"https:\/\/rykservicios.cl\/web\/home-2\/\" class=\"elementor-item\">Nosotros<\/a><\/li>\n<li class=\"menu-item menu-item-type-post_type menu-item-object-page menu-item-184\"><a href=\"https:\/\/rykservicios.cl\/web\/home-2-3\/\" class=\"elementor-item\">Servicios<\/a><\/li>\n<li class=\"menu-item menu-item-type-post_type menu-item-object-page menu-item-185\"><a href=\"https:\/\/rykservicios.cl\/web\/home-2-2\/\" class=\"elementor-item\">Contacto<\/a><\/li>\n<\/ul>\t\t\t<\/nav>\n\t\t\t\t\t<div class=\"elementor-menu-toggle\" role=\"button\" tabindex=\"0\" aria-label=\"Menu Toggle\" aria-expanded=\"false\">\n\t\t\t<svg aria-hidden=\"true\" role=\"presentation\" class=\"elementor-menu-toggle__icon--open e-font-icon-svg e-eicon-menu-bar\" viewBox=\"0 0 1000 1000\" xmlns=\"http:\/\/www.w3.org\/2000\/svg\"><path d=\"M104 333H896C929 333 958 304 958 271S929 208 896 208H104C71 208 42 237 42 271S71 333 104 333ZM104 583H896C929 583 958 554 958 521S929 458 896 458H104C71 458 42 487 42 521S71 583 104 583ZM104 833H896C929 833 958 804 958 771S929 708 896 708H104C71 708 42 737 42 771S71 833 104 833Z\"><\/path><\/svg><svg aria-hidden=\"true\" role=\"presentation\" class=\"elementor-menu-toggle__icon--close e-font-icon-svg e-eicon-close\" viewBox=\"0 0 1000 1000\" xmlns=\"http:\/\/www.w3.org\/2000\/svg\"><path d=\"M742 167L500 408 258 167C246 154 233 150 217 150 196 150 179 158 167 167 154 179 150 196 150 212 150 229 154 242 171 254L408 500 167 742C138 771 138 800 167 829 196 858 225 858 254 829L496 587 738 829C750 842 767 846 783 846 800 846 817 842 829 829 842 817 846 804 846 783 846 767 842 750 829 737L588 500 833 258C863 229 863 200 833 171 804 137 775 137 742 167Z\"><\/path><\/svg>\t\t<\/div>\n\t\t\t\t\t<nav class=\"elementor-nav-menu--dropdown elementor-nav-menu__container\" aria-hidden=\"true\">\n\t\t\t\t<ul id=\"menu-2-8cdfa04\" class=\"elementor-nav-menu\"><li class=\"menu-item menu-item-type-post_type menu-item-object-page menu-item-home menu-item-144\"><a href=\"https:\/\/rykservicios.cl\/web\/\" class=\"elementor-item\" tabindex=\"-1\">Home<\/a><\/li>\n<li class=\"menu-item menu-item-type-post_type menu-item-object-page menu-item-158\"><a href=\"https:\/\/rykservicios.cl\/web\/home-2\/\" class=\"elementor-item\" tabindex=\"-1\">Nosotros<\/a><\/li>\n<li class=\"menu-item menu-item-type-post_type menu-item-object-page menu-item-184\"><a href=\"https:\/\/rykservicios.cl\/web\/home-2-3\/\" class=\"elementor-item\" tabindex=\"-1\">Servicios<\/a><\/li>\n<li class=\"menu-item menu-item-type-post_type menu-item-object-page menu-item-185\"><a href=\"https:\/\/rykservicios.cl\/web\/home-2-2\/\" class=\"elementor-item\" tabindex=\"-1\">Contacto<\/a><\/li>\n<\/ul>\t\t\t<\/nav>\n\t\t\t\t\t\t<\/div>\n\t\t\t\t<\/div>\n\t\t\t\t<\/div>\n\t\t<div class=\"elementor-element elementor-element-55ca752 e-con-full elementor-hidden-tablet elementor-hidden-mobile e-flex e-con e-child\" data-id=\"55ca752\" data-element_type=\"container\">\n\t\t\t\t<div class=\"elementor-element elementor-element-55e52c8 elementor-nav-menu__align-justify elementor-nav-menu--dropdown-tablet elementor-nav-menu__text-align-aside elementor-nav-menu--toggle elementor-nav-menu--burger elementor-widget elementor-widget-nav-menu\" data-id=\"55e52c8\" data-element_type=\"widget\" data-settings=\"{&quot;layout&quot;:&quot;horizontal&quot;,&quot;submenu_icon&quot;:{&quot;value&quot;:&quot;&lt;svg class=\\&quot;e-font-icon-svg e-fas-caret-down\\&quot; viewBox=\\&quot;0 0 320 512\\&quot; xmlns=\\&quot;http:\\\/\\\/www.w3.org\\\/2000\\\/svg\\&quot;&gt;&lt;path d=\\&quot;M31.3 192h257.3c17.8 0 26.7 21.5 14.1 34.1L174.1 354.8c-7.8 7.8-20.5 7.8-28.3 0L17.2 226.1C4.6 213.5 13.5 192 31.3 192z\\&quot;&gt;&lt;\\\/path&gt;&lt;\\\/svg&gt;&quot;,&quot;library&quot;:&quot;fa-solid&quot;},&quot;toggle&quot;:&quot;burger&quot;}\" data-widget_type=\"nav-menu.default\">\n\t\t\t\t<div class=\"elementor-widget-container\">\n\t\t\t\t\t\t\t\t<nav aria-label=\"Menu\" class=\"elementor-nav-menu--main elementor-nav-menu__container elementor-nav-menu--layout-horizontal e--pointer-underline e--animation-fade\">\n\t\t\t\t<ul id=\"menu-1-55e52c8\" class=\"elementor-nav-menu\"><li class=\"menu-item menu-item-type-custom menu-item-object-custom menu-item-186\"><a href=\"https:\/\/rykservicios.cl\/sistema\/\" class=\"elementor-item\">Intranet<\/a><\/li>\n<\/ul>\t\t\t<\/nav>\n\t\t\t\t\t<div class=\"elementor-menu-toggle\" role=\"button\" tabindex=\"0\" aria-label=\"Menu Toggle\" aria-expanded=\"false\">\n\t\t\t<svg aria-hidden=\"true\" role=\"presentation\" class=\"elementor-menu-toggle__icon--open e-font-icon-svg e-eicon-menu-bar\" viewBox=\"0 0 1000 1000\" xmlns=\"http:\/\/www.w3.org\/2000\/svg\"><path d=\"M104 333H896C929 333 958 304 958 271S929 208 896 208H104C71 208 42 237 42 271S71 333 104 333ZM104 583H896C929 583 958 554 958 521S929 458 896 458H104C71 458 42 487 42 521S71 583 104 583ZM104 833H896C929 833 958 804 958 771S929 708 896 708H104C71 708 42 737 42 771S71 833 104 833Z\"><\/path><\/svg><svg aria-hidden=\"true\" role=\"presentation\" class=\"elementor-menu-toggle__icon--close e-font-icon-svg e-eicon-close\" viewBox=\"0 0 1000 1000\" xmlns=\"http:\/\/www.w3.org\/2000\/svg\"><path d=\"M742 167L500 408 258 167C246 154 233 150 217 150 196 150 179 158 167 167 154 179 150 196 150 212 150 229 154 242 171 254L408 500 167 742C138 771 138 800 167 829 196 858 225 858 254 829L496 587 738 829C750 842 767 846 783 846 800 846 817 842 829 829 842 817 846 804 846 783 846 767 842 750 829 737L588 500 833 258C863 229 863 200 833 171 804 137 775 137 742 167Z\"><\/path><\/svg>\t\t<\/div>\n\t\t\t\t\t<nav class=\"elementor-nav-menu--dropdown elementor-nav-menu__container\" aria-hidden=\"true\">\n\t\t\t\t<ul id=\"menu-2-55e52c8\" class=\"elementor-nav-menu\"><li class=\"menu-item menu-item-type-custom menu-item-object-custom menu-item-186\"><a href=\"https:\/\/rykservicios.cl\/sistema\/\" class=\"elementor-item\" tabindex=\"-1\">Intranet<\/a><\/li>\n<\/ul>\t\t\t<\/nav>\n\t\t\t\t\t\t<\/div>\n\t\t\t\t<\/div>\n\t\t\t\t<\/div>\n\t\t\t\t<\/div>\n\t\t\t\t<\/div>\n\t\t<div class=\"elementor-element elementor-element-37db3f6 e-flex e-con-boxed e-con e-parent\" data-id=\"37db3f6\" data-element_type=\"container\" data-settings=\"{&quot;background_background&quot;:&quot;classic&quot;}\">\n\t\t\t\t\t<div class=\"e-con-inner\">\n\t\t\t\t\t<\/div>\n\t\t\t\t<\/div>\n\t\t<div class=\"elementor-element elementor-element-3f8ec8d e-flex e-con-boxed e-con e-parent\" data-id=\"3f8ec8d\" data-element_type=\"container\" data-settings=\"{&quot;background_background&quot;:&quot;gradient&quot;}\">\n\t\t\t\t\t<div class=\"e-con-inner\">\n\t\t\t\t<div class=\"elementor-element elementor-element-15600a4 elementor-widget elementor-widget-heading\" data-id=\"15600a4\" data-element_type=\"widget\" data-widget_type=\"heading.default\">\n\t\t\t\t<div class=\"elementor-widget-container\">\n\t\t\t\t\t<h4 class=\"elementor-heading-title elementor-size-default\">CONTACTANOS<\/h4>\t\t\t\t<\/div>\n\t\t\t\t<\/div>\n\t\t\t\t\t<\/div>\n\t\t\t\t<\/div>\n\t\t<div class=\"elementor-element elementor-element-f7c498d e-flex e-con-boxed e-con e-parent\" data-id=\"f7c498d\" data-element_type=\"container\">\n\t\t\t\t\t<div class=\"e-con-inner\">\n\t\t<div class=\"elementor-element elementor-element-a33fd97 e-con-full e-flex e-con e-child\" data-id=\"a33fd97\" data-element_type=\"container\">\n\t\t\t\t<div class=\"elementor-element elementor-element-10d2a18 elementor-button-align-stretch elementor-widget elementor-widget-form\" data-id=\"10d2a18\" data-element_type=\"widget\" data-settings=\"{&quot;step_next_label&quot;:&quot;Next&quot;,&quot;step_previous_label&quot;:&quot;Previous&quot;,&quot;button_width&quot;:&quot;100&quot;,&quot;step_type&quot;:&quot;number_text&quot;,&quot;step_icon_shape&quot;:&quot;circle&quot;}\" data-widget_type=\"form.default\">\n\t\t\t\t<div class=\"elementor-widget-container\">\n\t\t\t\t\t\t\t<form class=\"elementor-form\" method=\"post\" name=\"New Form\">\n\t\t\t<input type=\"hidden\" name=\"post_id\" value=\"159\"\/>\n\t\t\t<input type=\"hidden\" name=\"form_id\" value=\"10d2a18\"\/>\n\t\t\t<input type=\"hidden\" name=\"referer_title\" value=\"Contacto - ryk servicios\" \/>\n\n\t\t\t\t\t\t\t<input type=\"hidden\" name=\"queried_id\" value=\"159\"\/>\n\t\t\t\n\t\t\t<div class=\"elementor-form-fields-wrapper elementor-labels-above\">\n\t\t\t\t\t\t\t\t<div class=\"elementor-field-type-text elementor-field-group elementor-column elementor-field-group-name elementor-col-100\">\n\t\t\t\t\t\t\t\t\t\t\t\t<label for=\"form-field-name\" class=\"elementor-field-label\">\n\t\t\t\t\t\t\t\tNombre\t\t\t\t\t\t\t<\/label>\n\t\t\t\t\t\t\t\t\t\t\t\t\t\t<input size=\"1\" type=\"text\" name=\"form_fields[name]\" id=\"form-field-name\" class=\"elementor-field elementor-size-sm  elementor-field-textual\" placeholder=\"Nombre completo\">\n\t\t\t\t\t\t\t\t\t\t\t<\/div>\n\t\t\t\t\t\t\t\t<div class=\"elementor-field-type-email elementor-field-group elementor-column elementor-field-group-email elementor-col-100 elementor-field-required elementor-mark-required\">\n\t\t\t\t\t\t\t\t\t\t\t\t<label for=\"form-field-email\" class=\"elementor-field-label\">\n\t\t\t\t\t\t\t\tEmail\t\t\t\t\t\t\t<\/label>\n\t\t\t\t\t\t\t\t\t\t\t\t\t\t<input size=\"1\" type=\"email\" name=\"form_fields[email]\" id=\"form-field-email\" class=\"elementor-field elementor-size-sm  elementor-field-textual\" placeholder=\"Email\" required=\"required\" aria-required=\"true\">\n\t\t\t\t\t\t\t\t\t\t\t<\/div>\n\t\t\t\t\t\t\t\t<div class=\"elementor-field-type-textarea elementor-field-group elementor-column elementor-field-group-message elementor-col-100\">\n\t\t\t\t\t\t\t\t\t\t\t\t<label for=\"form-field-message\" class=\"elementor-field-label\">\n\t\t\t\t\t\t\t\tMensaje\t\t\t\t\t\t\t<\/label>\n\t\t\t\t\t\t<textarea class=\"elementor-field-textual elementor-field  elementor-size-sm\" name=\"form_fields[message]\" id=\"form-field-message\" rows=\"4\" placeholder=\"Mensaje\"><\/textarea>\t\t\t\t<\/div>\n\t\t\t\t\t\t\t\t<div class=\"elementor-field-group elementor-column elementor-field-type-submit elementor-col-100 e-form__buttons\">\n\t\t\t\t\t<button class=\"elementor-button elementor-size-sm\" type=\"submit\">\n\t\t\t\t\t\t<span class=\"elementor-button-content-wrapper\">\n\t\t\t\t\t\t\t\t\t\t\t\t\t\t\t\t\t\t\t\t\t\t<span class=\"elementor-button-text\">Enviar<\/span>\n\t\t\t\t\t\t\t\t\t\t\t\t\t<\/span>\n\t\t\t\t\t<\/button>\n\t\t\t\t<\/div>\n\t\t\t<\/div>\n\t\t<\/form>\n\t\t\t\t\t\t<\/div>\n\t\t\t\t<\/div>\n\t\t\t\t<\/div>\n\t\t<div class=\"elementor-element elementor-element-196068f e-con-full e-flex e-con e-child\" data-id=\"196068f\" data-element_type=\"container\">\n\t\t\t\t<div class=\"elementor-element elementor-element-86107a1 elementor-widget elementor-widget-text-editor\" data-id=\"86107a1\" data-element_type=\"widget\" data-widget_type=\"text-editor.default\">\n\t\t\t\t<div class=\"elementor-widget-container\">\n\t\t\t\t\t\t\t\t\t<ul><li>Direcci\u00f3n:AVENIDA PRESIDENTE JORGE ALESANDRI RODRIGUEZ, N\u00b0 23563, SAN BERNARDO, REGI\u00d3N METROPOLITANA <br \/>CALLE COLINDANTE CON RESTAURANTE LAS ALEMANAS.<\/li><li>Email: rormeno@rykservicios.cl<\/li><li>Telefono: (569)944358970<\/li><\/ul>\t\t\t\t\t\t\t\t<\/div>\n\t\t\t\t<\/div>\n\t\t\t\t<div class=\"elementor-element elementor-element-b158fb5 elementor-widget elementor-widget-google_maps\" data-id=\"b158fb5\" data-element_type=\"widget\" data-widget_type=\"google_maps.default\">\n\t\t\t\t<div class=\"elementor-widget-container\">\n\t\t\t\t\t\t\t<div class=\"elementor-custom-embed\">\n\t\t\t<iframe loading=\"lazy\"\n\t\t\t\t\tsrc=\"https:\/\/maps.google.com\/maps?q=AVENIDA%20PRESIDENTE%20JORGE%20ALESANDRI%20RODRIGUEZ%2C%20N%C2%B0%2023563%2C%20SAN%20BERNARDO%2C%20REGI%C3%93N%20METROPOLITANA%20&#038;t=m&#038;z=13&#038;output=embed&#038;iwloc=near\"\n\t\t\t\t\ttitle=\"AVENIDA PRESIDENTE JORGE ALESANDRI RODRIGUEZ, N\u00b0 23563, SAN BERNARDO, REGI\u00d3N METROPOLITANA \"\n\t\t\t\t\taria-label=\"AVENIDA PRESIDENTE JORGE ALESANDRI RODRIGUEZ, N\u00b0 23563, SAN BERNARDO, REGI\u00d3N METROPOLITANA \"\n\t\t\t><\/iframe>\n\t\t<\/div>\n\t\t\t\t\t\t<\/div>\n\t\t\t\t<\/div>\n\t\t\t\t<\/div>\n\t\t\t\t\t<\/div>\n\t\t\t\t<\/div>\n\t\t<div class=\"elementor-element elementor-element-a72b755 e-flex e-con-boxed e-con e-parent\" data-id=\"a72b755\" data-element_type=\"container\" data-settings=\"{&quot;background_background&quot;:&quot;classic&quot;}\">\n\t\t\t\t\t<div class=\"e-con-inner\">\n\t\t<div class=\"elementor-element elementor-element-e9a8244 e-con-full e-flex e-con e-child\" data-id=\"e9a8244\" data-element_type=\"container\" data-settings=\"{&quot;background_background&quot;:&quot;classic&quot;}\">\n\t\t\t\t<div class=\"elementor-element elementor-element-ac559a0 elementor-widget elementor-widget-heading\" data-id=\"ac559a0\" data-element_type=\"widget\" data-widget_type=\"heading.default\">\n\t\t\t\t<div class=\"elementor-widget-container\">\n\t\t\t\t\t<h2 class=\"elementor-heading-title elementor-size-default\">Todos los derechos reservados R&amp;Kservicios 2025<\/h2>\t\t\t\t<\/div>\n\t\t\t\t<\/div>\n\t\t\t\t<\/div>\n\t\t\t\t\t<\/div>\n\t\t\t\t<\/div>\n\t\t\t\t<\/div>\n\t\t","protected":false},"excerpt":{"rendered":"<p>CONTACTANOS Direcci\u00f3n:AVENIDA PRESIDENTE JORGE ALESANDRI RODRIGUEZ, N\u00b0 23563, SAN BERNARDO, REGI\u00d3N METROPOLITANA CALLE COLINDANTE CON RESTAURANTE LAS ALEMANAS. Email: rormeno@rykservicios.cl Telefono: (569)944358970 Todos los derechos reservados R&amp;Kservicios 2025<\/p>\n","protected":false},"author":1,"featured_media":0,"parent":0,"menu_order":0,"comment_status":"closed","ping_status":"closed","template":"elementor_canvas","meta":{"footnotes":""},"class_list":["post-159","page","type-page","status-publish","hentry","entry"],"yoast_head":"<!-- This site is optimized with the Yoast SEO plugin v25.6 - https:\/\/yoast.com\/wordpress\/plugins\/seo\/ -->\n<title>Contacto - ryk servicios<\/title>\n<meta name=\"description\" content=\"Contacto\" \/>\n<meta name=\"robots\" content=\"index, follow, max-snippet:-1, max-image-preview:large, max-video-preview:-1\" \/>\n<link rel=\"canonical\" href=\"https:\/\/rykservicios.cl\/web\/home-2-2\/\" \/>\n<meta property=\"og:locale\" content=\"es_ES\" \/>\n<meta property=\"og:type\" content=\"article\" \/>\n<meta property=\"og:title\" content=\"Contacto - ryk servicios\" \/>\n<meta property=\"og:description\" content=\"Contacto\" \/>\n<meta property=\"og:url\" content=\"https:\/\/rykservicios.cl\/web\/home-2-2\/\" \/>\n<meta property=\"og:site_name\" content=\"ryk servicios\" \/>\n<meta property=\"article:modified_time\" content=\"2025-12-24T18:44:10+00:00\" \/>\n<meta name=\"twitter:card\" content=\"summary_large_image\" \/>\n<meta name=\"twitter:label1\" content=\"Tiempo estimado de lectura\" \/>\n\t<meta name=\"twitter:data1\" content=\"1 minuto\" \/>\n<script type=\"application\/ld+json\" class=\"yoast-schema-graph\">{\"@context\":\"https:\/\/schema.org\",\"@graph\":[{\"@type\":\"WebPage\",\"@id\":\"https:\/\/rykservicios.cl\/web\/home-2-2\/\",\"url\":\"https:\/\/rykservicios.cl\/web\/home-2-2\/\",\"name\":\"Contacto - ryk servicios\",\"isPartOf\":{\"@id\":\"https:\/\/rykservicios.cl\/web\/#website\"},\"datePublished\":\"2025-07-22T16:29:09+00:00\",\"dateModified\":\"2025-12-24T18:44:10+00:00\",\"description\":\"Contacto\",\"breadcrumb\":{\"@id\":\"https:\/\/rykservicios.cl\/web\/home-2-2\/#breadcrumb\"},\"inLanguage\":\"es-CL\",\"potentialAction\":[{\"@type\":\"ReadAction\",\"target\":[\"https:\/\/rykservicios.cl\/web\/home-2-2\/\"]}]},{\"@type\":\"BreadcrumbList\",\"@id\":\"https:\/\/rykservicios.cl\/web\/home-2-2\/#breadcrumb\",\"itemListElement\":[{\"@type\":\"ListItem\",\"position\":1,\"name\":\"Portada\",\"item\":\"https:\/\/rykservicios.cl\/web\/\"},{\"@type\":\"ListItem\",\"position\":2,\"name\":\"Contacto\"}]},{\"@type\":\"WebSite\",\"@id\":\"https:\/\/rykservicios.cl\/web\/#website\",\"url\":\"https:\/\/rykservicios.cl\/web\/\",\"name\":\"ryk servicios\",\"description\":\"Automatizaci\u00f3n Industrial y de Equipos para la Miner\u00eda: Implementamos tecnolog\u00eda de punta para automatizar procesos en entornos industriales y mineros.\",\"publisher\":{\"@id\":\"https:\/\/rykservicios.cl\/web\/#organization\"},\"alternateName\":\"ryk Ingenieria y servicios\",\"potentialAction\":[{\"@type\":\"SearchAction\",\"target\":{\"@type\":\"EntryPoint\",\"urlTemplate\":\"https:\/\/rykservicios.cl\/web\/?s={search_term_string}\"},\"query-input\":{\"@type\":\"PropertyValueSpecification\",\"valueRequired\":true,\"valueName\":\"search_term_string\"}}],\"inLanguage\":\"es-CL\"},{\"@type\":\"Organization\",\"@id\":\"https:\/\/rykservicios.cl\/web\/#organization\",\"name\":\"ryk servicios\",\"alternateName\":\"RyK Ingenier\u00eda y Servicios\",\"url\":\"https:\/\/rykservicios.cl\/web\/\",\"logo\":{\"@type\":\"ImageObject\",\"inLanguage\":\"es-CL\",\"@id\":\"https:\/\/rykservicios.cl\/web\/#\/schema\/logo\/image\/\",\"url\":\"https:\/\/rykservicios.cl\/web\/wp-content\/uploads\/2025\/01\/logo-12.png\",\"contentUrl\":\"https:\/\/rykservicios.cl\/web\/wp-content\/uploads\/2025\/01\/logo-12.png\",\"width\":171,\"height\":70,\"caption\":\"ryk servicios\"},\"image\":{\"@id\":\"https:\/\/rykservicios.cl\/web\/#\/schema\/logo\/image\/\"}}]}<\/script>\n<!-- \/ Yoast SEO plugin. -->","yoast_head_json":{"title":"Contacto - ryk servicios","description":"Contacto","robots":{"index":"index","follow":"follow","max-snippet":"max-snippet:-1","max-image-preview":"max-image-preview:large","max-video-preview":"max-video-preview:-1"},"canonical":"https:\/\/rykservicios.cl\/web\/home-2-2\/","og_locale":"es_ES","og_type":"article","og_title":"Contacto - ryk servicios","og_description":"Contacto","og_url":"https:\/\/rykservicios.cl\/web\/home-2-2\/","og_site_name":"ryk servicios","article_modified_time":"2025-12-24T18:44:10+00:00","twitter_card":"summary_large_image","twitter_misc":{"Tiempo estimado de lectura":"1 minuto"},"schema":{"@context":"https:\/\/schema.org","@graph":[{"@type":"WebPage","@id":"https:\/\/rykservicios.cl\/web\/home-2-2\/","url":"https:\/\/rykservicios.cl\/web\/home-2-2\/","name":"Contacto - ryk servicios","isPartOf":{"@id":"https:\/\/rykservicios.cl\/web\/#website"},"datePublished":"2025-07-22T16:29:09+00:00","dateModified":"2025-12-24T18:44:10+00:00","description":"Contacto","breadcrumb":{"@id":"https:\/\/rykservicios.cl\/web\/home-2-2\/#breadcrumb"},"inLanguage":"es-CL","potentialAction":[{"@type":"ReadAction","target":["https:\/\/rykservicios.cl\/web\/home-2-2\/"]}]},{"@type":"BreadcrumbList","@id":"https:\/\/rykservicios.cl\/web\/home-2-2\/#breadcrumb","itemListElement":[{"@type":"ListItem","position":1,"name":"Portada","item":"https:\/\/rykservicios.cl\/web\/"},{"@type":"ListItem","position":2,"name":"Contacto"}]},{"@type":"WebSite","@id":"https:\/\/rykservicios.cl\/web\/#website","url":"https:\/\/rykservicios.cl\/web\/","name":"ryk servicios","description":"Automatizaci\u00f3n Industrial y de Equipos para la Miner\u00eda: Implementamos tecnolog\u00eda de punta para automatizar procesos en entornos industriales y mineros.","publisher":{"@id":"https:\/\/rykservicios.cl\/web\/#organization"},"alternateName":"ryk Ingenieria y servicios","potentialAction":[{"@type":"SearchAction","target":{"@type":"EntryPoint","urlTemplate":"https:\/\/rykservicios.cl\/web\/?s={search_term_string}"},"query-input":{"@type":"PropertyValueSpecification","valueRequired":true,"valueName":"search_term_string"}}],"inLanguage":"es-CL"},{"@type":"Organization","@id":"https:\/\/rykservicios.cl\/web\/#organization","name":"ryk servicios","alternateName":"RyK Ingenier\u00eda y Servicios","url":"https:\/\/rykservicios.cl\/web\/","logo":{"@type":"ImageObject","inLanguage":"es-CL","@id":"https:\/\/rykservicios.cl\/web\/#\/schema\/logo\/image\/","url":"https:\/\/rykservicios.cl\/web\/wp-content\/uploads\/2025\/01\/logo-12.png","contentUrl":"https:\/\/rykservicios.cl\/web\/wp-content\/uploads\/2025\/01\/logo-12.png","width":171,"height":70,"caption":"ryk servicios"},"image":{"@id":"https:\/\/rykservicios.cl\/web\/#\/schema\/logo\/image\/"}}]}},"_links":{"self":[{"href":"https:\/\/rykservicios.cl\/web\/wp-json\/wp\/v2\/pages\/159","targetHints":{"allow":["GET"]}}],"collection":[{"href":"https:\/\/rykservicios.cl\/web\/wp-json\/wp\/v2\/pages"}],"about":[{"href":"https:\/\/rykservicios.cl\/web\/wp-json\/wp\/v2\/types\/page"}],"author":[{"embeddable":true,"href":"https:\/\/rykservicios.cl\/web\/wp-json\/wp\/v2\/users\/1"}],"replies":[{"embeddable":true,"href":"https:\/\/rykservicios.cl\/web\/wp-json\/wp\/v2\/comments?post=159"}],"version-history":[{"count":76,"href":"https:\/\/rykservicios.cl\/web\/wp-json\/wp\/v2\/pages\/159\/revisions"}],"predecessor-version":[{"id":551,"href":"https:\/\/rykservicios.cl\/web\/wp-json\/wp\/v2\/pages\/159\/revisions\/551"}],"wp:attachment":[{"href":"https:\/\/rykservicios.cl\/web\/wp-json\/wp\/v2\/media?parent=159"}],"curies":[{"name":"wp","href":"https:\/\/api.w.org\/{rel}","templated":true}]}}